{"id":153,"date":"2025-06-12T08:41:43","date_gmt":"2025-06-12T11:41:43","guid":{"rendered":"https:\/\/rkpengenharia.com.br\/portal\/?page_id=153"},"modified":"2025-06-12T13:05:10","modified_gmt":"2025-06-12T16:05:10","slug":"area-de-login","status":"publish","type":"page","link":"https:\/\/rkpengenharia.com.br\/portal\/","title":{"rendered":"\u00c1rea de Login"},"content":{"rendered":"\t\t<div data-elementor-type=\"wp-page\" data-elementor-id=\"153\" class=\"elementor elementor-153\" data-elementor-post-type=\"page\">\n\t\t\t\t<div class=\"elementor-element elementor-element-51fe238 e-flex e-con-boxed e-con e-parent\" data-id=\"51fe238\" data-element_type=\"container\">\n\t\t\t\t\t<div class=\"e-con-inner\">\n\t\t<div class=\"elementor-element elementor-element-48ba970 e-con-full e-flex e-con e-child\" data-id=\"48ba970\" data-element_type=\"container\">\n\t\t\t\t<div class=\"elementor-element elementor-element-844e766 elementor-widget elementor-widget-image\" data-id=\"844e766\" data-element_type=\"widget\" data-widget_type=\"image.default\">\n\t\t\t\t\t\t\t\t\t\t\t\t\t\t\t<img fetchpriority=\"high\" decoding=\"async\" width=\"1024\" height=\"292\" src=\"https:\/\/rkpengenharia.com.br\/portal\/wp-content\/uploads\/2025\/06\/Assets-4-copia-2-e1749744224360-1024x292.png\" class=\"attachment-large size-large wp-image-193\" alt=\"\" srcset=\"https:\/\/rkpengenharia.com.br\/portal\/wp-content\/uploads\/2025\/06\/Assets-4-copia-2-e1749744224360-1024x292.png 1024w, https:\/\/rkpengenharia.com.br\/portal\/wp-content\/uploads\/2025\/06\/Assets-4-copia-2-e1749744224360-300x86.png 300w, https:\/\/rkpengenharia.com.br\/portal\/wp-content\/uploads\/2025\/06\/Assets-4-copia-2-e1749744224360-768x219.png 768w, https:\/\/rkpengenharia.com.br\/portal\/wp-content\/uploads\/2025\/06\/Assets-4-copia-2-e1749744224360-175x50.png 175w, https:\/\/rkpengenharia.com.br\/portal\/wp-content\/uploads\/2025\/06\/Assets-4-copia-2-e1749744224360.png 1080w\" sizes=\"(max-width: 1024px) 100vw, 1024px\" \/>\t\t\t\t\t\t\t\t\t\t\t\t\t\t\t<\/div>\n\t\t\t\t<div class=\"elementor-element elementor-element-946b57c elementor-widget elementor-widget-heading\" data-id=\"946b57c\" data-element_type=\"widget\" data-widget_type=\"heading.default\">\n\t\t\t\t\t<h2 class=\"elementor-heading-title elementor-size-default\">Bem-vindo ao Portal de <\/br>\nTreinamento da RKP<\/h2>\t\t\t\t<\/div>\n\t\t\t\t<div class=\"elementor-element elementor-element-9a1dc91 elementor-widget__width-initial elementor-widget elementor-widget-text-editor\" data-id=\"9a1dc91\" data-element_type=\"widget\" data-widget_type=\"text-editor.default\">\n\t\t\t\t\t\t\t\t\t<p>Ambiente exclusivo para colaboradores e parceiros acessarem conte\u00fados t\u00e9cnicos e treinamentos certificados da RKP Engenharia Cl\u00ednica.<\/p>\t\t\t\t\t\t\t\t<\/div>\n\t\t\t\t<\/div>\n\t\t<div class=\"elementor-element elementor-element-72b5a2d e-con-full e-flex e-con e-child\" data-id=\"72b5a2d\" data-element_type=\"container\">\n\t\t\t\t<div class=\"elementor-element elementor-element-c737e0c elementor-widget elementor-widget-shortcode\" data-id=\"c737e0c\" data-element_type=\"widget\" data-widget_type=\"shortcode.default\">\n\t\t\t\t\t\t\t<div class=\"elementor-shortcode\">\n<div class=\"tutor-wrap tutor-page-wrap post-153 page type-page status-publish hentry\">\n\t<div class=\"tutor-template-segment tutor-login-wrap\">\n\t\t<div class=\"tutor-login-form-wrapper\">\n\t\t\t<div class=\"tutor-fs-5 tutor-color-black tutor-mb-32\">\n\t\t\t\tOl\u00e1, bem-vindo de volta!\t\t\t<\/div>\n\t\t\t<form id=\"tutor-login-form\" method=\"post\">\n\t\t<input type=\"hidden\" id=\"_tutor_nonce\" name=\"_tutor_nonce\" value=\"ab5abcd575\" \/><input type=\"hidden\" name=\"_wp_http_referer\" value=\"\/portal\/wp-json\/wp\/v2\/pages\/153\" \/>\t<input type=\"hidden\" name=\"tutor_action\" value=\"tutor_user_login\" \/>\n\t<input type=\"hidden\" name=\"redirect_to\" value=\"https:\/\/rkpengenharia.com.br\/portal\/painel\/\" \/>\n\n\t<div class=\"tutor-mb-20\">\n\t\t<input type=\"text\" class=\"tutor-form-control\" placeholder=\"Nome de usu\u00e1rio ou endere\u00e7o de e-mail\" name=\"log\" value=\"\" size=\"20\" required\/>\n\t<\/div>\n\n\t<div class=\"tutor-mb-32\">\n\t\t<input type=\"password\" class=\"tutor-form-control\" placeholder=\"Senha\" name=\"pwd\" value=\"\" size=\"20\" required\/>\n\t<\/div>\n\n\t<div class=\"tutor-login-error\"><\/div>\n\t\t\t<input type=\"hidden\" name=\"timezone\" value=\"America\/Sao_Paulo\" \/>\n\t\t<script>\n\t\t\tdocument.addEventListener('DOMContentLoaded', function() {\n\t\t\t\tconst timezone = document.querySelector('input[name=\"timezone\"]');\n\t\t\t\tif ( timezone) {\n\t\t\t\t\tconst tz = Intl.DateTimeFormat().resolvedOptions().timeZone;\n\t\t\t\t\ttimezone.value = tz\n\t\t\t\t}\n\t\t\t});\n\t\t<\/script>\n\t\t\t\t<input type=\"text\" style=\"display:none\" autocomplete=\"off\" value=\"\" name=\"_uuid\">\n\t\t\t<div class=\"tutor-d-flex tutor-justify-between tutor-align-center tutor-mb-40\">\n\t\t<div class=\"tutor-form-check\">\n\t\t\t<input id=\"tutor-login-agmnt-1\" type=\"checkbox\" class=\"tutor-form-check-input tutor-bg-black-40\" name=\"rememberme\" value=\"forever\" \/>\n\t\t\t<label for=\"tutor-login-agmnt-1\" class=\"tutor-fs-7 tutor-color-muted\">\n\t\t\t\tMantenha-me conectado\t\t\t<\/label>\n\t\t<\/div>\n\t\t<a href=\"https:\/\/rkpengenharia.com.br\/portal\/painel\/retrieve-password\" class=\"tutor-btn tutor-btn-ghost\">\n\t\t\tEsqueceu sua senha?\t\t<\/a>\n\t<\/div>\n\n\t\t<button type=\"submit\" class=\"tutor-btn tutor-btn-primary tutor-btn-block\">\n\t\tEntrar\t<\/button>\n\t\n\t\t\t\t\t<div class=\"tutor-text-center tutor-fs-6 tutor-color-secondary tutor-mt-20\">\n\t\t\tN\u00e3o tem uma conta?&nbsp;\n\t\t\t<a href=\"\/portal\/wp-json\/wp\/v2\/pages\/153?redirect_to=https:\/\/rkpengenharia.com.br\/portal\/wp-json\/wp\/v2\/pages\/153\" class=\"tutor-btn tutor-btn-link\">\n\t\t\t\tRegistre-se agora\t\t\t<\/a>\n\t\t<\/div>\n\t\t<\/form>\n<script>\n\tdocument.addEventListener('DOMContentLoaded', function() {\n\t\tvar { __ } = wp.i18n;\n\t\tvar loginModal = document.querySelector('.tutor-modal.tutor-login-modal');\n\t\tvar errors = [];\n\t\tif (loginModal && errors.length) {\n\t\t\tloginModal.classList.add('tutor-is-active');\n\t\t}\n\t});\n<\/script>\n\t\t\t\t\t<\/div>\n\t\t\t<\/div>\n<\/div>\n<\/div>\n\t\t\t\t\t\t<\/div>\n\t\t\t\t<\/div>\n\t\t\t\t\t<\/div>\n\t\t\t\t<\/div>\n\t\t\t\t<\/div>\n\t\t","protected":false},"excerpt":{"rendered":"<p>Bem-vindo ao Portal de Treinamento da RKP Ambiente exclusivo para colaboradores e parceiros acessarem conte\u00fados t\u00e9cnicos e treinamentos<\/p>\n","protected":false},"author":1,"featured_media":0,"parent":0,"menu_order":0,"comment_status":"closed","ping_status":"closed","template":"elementor_header_footer","meta":{"_tutorstarter_page_metadata":[],"footnotes":""},"class_list":["post-153","page","type-page","status-publish","hentry"],"_links":{"self":[{"href":"https:\/\/rkpengenharia.com.br\/portal\/wp-json\/wp\/v2\/pages\/153","targetHints":{"allow":["GET"]}}],"collection":[{"href":"https:\/\/rkpengenharia.com.br\/portal\/wp-json\/wp\/v2\/pages"}],"about":[{"href":"https:\/\/rkpengenharia.com.br\/portal\/wp-json\/wp\/v2\/types\/page"}],"author":[{"embeddable":true,"href":"https:\/\/rkpengenharia.com.br\/portal\/wp-json\/wp\/v2\/users\/1"}],"replies":[{"embeddable":true,"href":"https:\/\/rkpengenharia.com.br\/portal\/wp-json\/wp\/v2\/comments?post=153"}],"version-history":[{"count":0,"href":"https:\/\/rkpengenharia.com.br\/portal\/wp-json\/wp\/v2\/pages\/153\/revisions"}],"wp:attachment":[{"href":"https:\/\/rkpengenharia.com.br\/portal\/wp-json\/wp\/v2\/media?parent=153"}],"curies":[{"name":"wp","href":"https:\/\/api.w.org\/{rel}","templated":true}]}}