{"id":11069,"date":"2026-03-12T13:08:55","date_gmt":"2026-03-12T16:08:55","guid":{"rendered":"https:\/\/rkpengenharia.com.br\/loja\/?post_type=product&#038;p=11069"},"modified":"2026-04-20T09:35:50","modified_gmt":"2026-04-20T12:35:50","slug":"equipo-de-dieta-enteral-bomba-de-dieta-mdk-me11-sessao-silicone-1-via-ponta-cruz","status":"publish","type":"product","link":"https:\/\/rkpengenharia.com.br\/loja\/produto\/equipo-de-dieta-enteral-bomba-de-dieta-mdk-me11-sessao-silicone-1-via-ponta-cruz\/","title":{"rendered":"EQUIPO DE DIETA ENTERAL &#8211; BOMBA DE DIETA MDK\/ ME11 &#8211; sess\u00e3o silicone 1 Via &#8211; Ponta Cruz"},"content":{"rendered":"<p><span style=\"font-weight: 400;\">O <\/span><b>Equipo para Infus\u00e3o de Dietas Enterais<\/b><span style=\"font-weight: 400;\"> \u00e9 indicado para utiliza\u00e7\u00e3o em <\/span><b>bombas de alimenta\u00e7\u00e3o enteral modelos ME11 (MDK) <\/b><span style=\"font-weight: 400;\">e<\/span><b> N300 (Hawkmed)<\/b><span style=\"font-weight: 400;\">, permitindo a administra\u00e7\u00e3o de dietas nutricionais de forma segura e compat\u00edvel com esses equipamentos.<\/span><\/p>\n<p><span style=\"font-weight: 400;\">O equipo possui <\/span><b>ponta cruz<\/b><span style=\"font-weight: 400;\">, al\u00e9m de <\/span><b>tubo com segmento em silicone com travas<\/b><span style=\"font-weight: 400;\">, contribuindo para melhor fixa\u00e7\u00e3o e funcionamento durante a infus\u00e3o. Conta tamb\u00e9m com <\/span><b>adaptador escalonado e conex\u00e3o Luer Lock<\/b><span style=\"font-weight: 400;\">, proporcionando compatibilidade e conex\u00e3o segura com os sistemas de alimenta\u00e7\u00e3o.<\/span><\/p>\n<p><span style=\"font-weight: 400;\">O produto disp\u00f5e de <\/span><b>conector lateral em Y<\/b><span style=\"font-weight: 400;\">, permitindo a utiliza\u00e7\u00e3o de <\/span><b>seringas sem agulha<\/b><span style=\"font-weight: 400;\"> para administra\u00e7\u00e3o adicional ou manipula\u00e7\u00e3o da linha, sem membrana de silicone e com <\/span><b>tampa protetora<\/b><span style=\"font-weight: 400;\">.<\/span><\/p>\n<p><span style=\"font-weight: 400;\">Para controle do fluxo, o equipo possui <\/span><b>pin\u00e7a rolete<\/b><span style=\"font-weight: 400;\"> e <\/span><b>pin\u00e7a grampo<\/b><span style=\"font-weight: 400;\">, possibilitando regulagem e interrup\u00e7\u00e3o da passagem da dieta quando necess\u00e1rio.<\/span><\/p>\n<p><span style=\"font-weight: 400;\">Com <\/span><b>comprimento total de 240 cm<\/b><span style=\"font-weight: 400;\">, o equipo oferece praticidade na utiliza\u00e7\u00e3o em diferentes ambientes cl\u00ednicos. O produto possui\u00a0<\/span><\/p>\n<p><b>Registro ANVISA n\u00ba 80393919011<\/b><span style=\"font-weight: 400;\">.<\/span><\/p>\n","protected":false},"excerpt":{"rendered":"<p><b>Equipo para infus\u00e3o de dietas enterais<\/b><span style=\"font-weight: 400;\"> compat\u00edvel com <\/span><b>bombas ME11 (MDK) e N300 (Hawkmed)<\/b><span style=\"font-weight: 400;\">. Possui <\/span><b>ponta cruz, tubo com silicone e travas, adaptador escalonado com conex\u00e3o Luer Lock, conector lateral em Y para seringa sem agulha, pin\u00e7a rolete e pin\u00e7a grampo<\/b><span style=\"font-weight: 400;\">. Comprimento <\/span><b>240 cm<\/b><span style=\"font-weight: 400;\">. <\/span><b>Registro ANVISA: 80393919011<\/b><span style=\"font-weight: 400;\">.<\/span><\/p>\n","protected":false},"featured_media":11070,"comment_status":"open","ping_status":"closed","template":"","meta":[],"product_brand":[],"product_cat":[98,86,97,65],"product_tag":[],"class_list":{"0":"post-11069","1":"product","2":"type-product","3":"status-publish","4":"has-post-thumbnail","6":"product_cat-bombas-de-nutricao-dieta-enteral","7":"product_cat-equipamentos-revenda","8":"product_cat-nutricao-enteral-e-sondas","9":"product_cat-venda-direta","11":"first","12":"instock","13":"shipping-taxable","14":"purchasable","15":"product-type-simple"},"_links":{"self":[{"href":"https:\/\/rkpengenharia.com.br\/loja\/wp-json\/wp\/v2\/product\/11069","targetHints":{"allow":["GET"]}}],"collection":[{"href":"https:\/\/rkpengenharia.com.br\/loja\/wp-json\/wp\/v2\/product"}],"about":[{"href":"https:\/\/rkpengenharia.com.br\/loja\/wp-json\/wp\/v2\/types\/product"}],"replies":[{"embeddable":true,"href":"https:\/\/rkpengenharia.com.br\/loja\/wp-json\/wp\/v2\/comments?post=11069"}],"version-history":[{"count":1,"href":"https:\/\/rkpengenharia.com.br\/loja\/wp-json\/wp\/v2\/product\/11069\/revisions"}],"predecessor-version":[{"id":11071,"href":"https:\/\/rkpengenharia.com.br\/loja\/wp-json\/wp\/v2\/product\/11069\/revisions\/11071"}],"wp:featuredmedia":[{"embeddable":true,"href":"https:\/\/rkpengenharia.com.br\/loja\/wp-json\/wp\/v2\/media\/11070"}],"wp:attachment":[{"href":"https:\/\/rkpengenharia.com.br\/loja\/wp-json\/wp\/v2\/media?parent=11069"}],"wp:term":[{"taxonomy":"product_brand","embeddable":true,"href":"https:\/\/rkpengenharia.com.br\/loja\/wp-json\/wp\/v2\/product_brand?post=11069"},{"taxonomy":"product_cat","embeddable":true,"href":"https:\/\/rkpengenharia.com.br\/loja\/wp-json\/wp\/v2\/product_cat?post=11069"},{"taxonomy":"product_tag","embeddable":true,"href":"https:\/\/rkpengenharia.com.br\/loja\/wp-json\/wp\/v2\/product_tag?post=11069"}],"curies":[{"name":"wp","href":"https:\/\/api.w.org\/{rel}","templated":true}]}}